{"id":17,"date":"2023-11-08T17:30:07","date_gmt":"2023-11-08T17:30:07","guid":{"rendered":"http:\/\/kithera1.hospedagemdesites.ws\/?page_id=17"},"modified":"2024-02-07T00:49:19","modified_gmt":"2024-02-07T00:49:19","slug":"sobre-nos","status":"publish","type":"page","link":"https:\/\/kithera.com.br\/corporate\/sobre-nos\/","title":{"rendered":"Sobre n\u00f3s"},"content":{"rendered":"\t\t<div data-elementor-type=\"wp-page\" data-elementor-id=\"17\" class=\"elementor elementor-17\" data-elementor-post-type=\"page\">\n\t\t\t\t<div class=\"elementor-element elementor-element-1419351 e-con-full e-flex e-con e-parent\" data-id=\"1419351\" data-element_type=\"container\" data-settings=\"{&quot;background_background&quot;:&quot;classic&quot;}\">\n\t\t<div class=\"elementor-element elementor-element-f407933 e-con-full e-flex e-con e-child\" data-id=\"f407933\" data-element_type=\"container\">\n\t\t\t\t<div class=\"elementor-element elementor-element-cb74baa elementor-widget elementor-widget-heading\" data-id=\"cb74baa\" data-element_type=\"widget\" data-widget_type=\"heading.default\">\n\t\t\t\t<div class=\"elementor-widget-container\">\n\t\t\t\t\t<h2 class=\"elementor-heading-title elementor-size-default\">Sobre n\u00f3s<\/h2>\t\t\t\t<\/div>\n\t\t\t\t<\/div>\n\t\t\t\t<\/div>\n\t\t<div class=\"elementor-element elementor-element-cdf5525 e-con-full e-flex e-con e-child\" data-id=\"cdf5525\" data-element_type=\"container\">\n\t\t\t\t<\/div>\n\t\t\t\t<\/div>\n\t\t<div class=\"elementor-element elementor-element-c97f788 e-flex e-con-boxed e-con e-parent\" data-id=\"c97f788\" data-element_type=\"container\">\n\t\t\t\t\t<div class=\"e-con-inner\">\n\t\t\t\t<div class=\"elementor-element elementor-element-58488005 elementor-widget elementor-widget-spacer\" data-id=\"58488005\" data-element_type=\"widget\" data-widget_type=\"spacer.default\">\n\t\t\t\t<div class=\"elementor-widget-container\">\n\t\t\t\t\t\t\t<div class=\"elementor-spacer\">\n\t\t\t<div class=\"elementor-spacer-inner\"><\/div>\n\t\t<\/div>\n\t\t\t\t\t\t<\/div>\n\t\t\t\t<\/div>\n\t\t\t\t\t<\/div>\n\t\t\t\t<\/div>\n\t\t<div class=\"elementor-element elementor-element-8153502 e-flex e-con-boxed e-con e-parent\" data-id=\"8153502\" data-element_type=\"container\">\n\t\t\t\t\t<div class=\"e-con-inner\">\n\t\t\t\t<div class=\"elementor-element elementor-element-c4e47e0 elementor-widget elementor-widget-heading\" data-id=\"c4e47e0\" data-element_type=\"widget\" data-widget_type=\"heading.default\">\n\t\t\t\t<div class=\"elementor-widget-container\">\n\t\t\t\t\t<h2 class=\"elementor-heading-title elementor-size-default\">Conceito<\/h2>\t\t\t\t<\/div>\n\t\t\t\t<\/div>\n\t\t\t\t<div class=\"elementor-element elementor-element-9dd94db elementor-widget elementor-widget-text-editor\" data-id=\"9dd94db\" data-element_type=\"widget\" data-widget_type=\"text-editor.default\">\n\t\t\t\t<div class=\"elementor-widget-container\">\n\t\t\t\t\t\t\t\t\tKithera vem da jun\u00e7\u00e3o de <b>KI<\/b>, que significa energia e ess\u00eancia, com o\u00a0<b>THERA<\/b>, que significa terra, representando solidez, estabilidade e produtividade.\t\t\t\t\t\t\t\t<\/div>\n\t\t\t\t<\/div>\n\t\t\t\t<div class=\"elementor-element elementor-element-3f6adac elementor-widget elementor-widget-image\" data-id=\"3f6adac\" data-element_type=\"widget\" data-widget_type=\"image.default\">\n\t\t\t\t<div class=\"elementor-widget-container\">\n\t\t\t\t\t\t\t\t\t\t\t\t\t\t\t<img fetchpriority=\"high\" decoding=\"async\" width=\"800\" height=\"252\" src=\"https:\/\/kithera.com.br\/corporate\/wp-content\/uploads\/2024\/01\/Proposta-768x283-1.png\" class=\"attachment-large size-large wp-image-847\" alt=\"\" srcset=\"https:\/\/kithera.com.br\/corporate\/wp-content\/uploads\/2024\/01\/Proposta-768x283-1.png 900w, https:\/\/kithera.com.br\/corporate\/wp-content\/uploads\/2024\/01\/Proposta-768x283-1-300x94.png 300w, https:\/\/kithera.com.br\/corporate\/wp-content\/uploads\/2024\/01\/Proposta-768x283-1-768x241.png 768w\" sizes=\"(max-width: 800px) 100vw, 800px\" \/>\t\t\t\t\t\t\t\t\t\t\t\t\t\t\t<\/div>\n\t\t\t\t<\/div>\n\t\t\t\t<div class=\"elementor-element elementor-element-0c04535 elementor-widget elementor-widget-text-editor\" data-id=\"0c04535\" data-element_type=\"widget\" data-widget_type=\"text-editor.default\">\n\t\t\t\t<div class=\"elementor-widget-container\">\n\t\t\t\t\t\t\t\t\t<p>Quando imaginamos a Kithera, nosso desejo foi a cria\u00e7\u00e3o de uma empresa que entende nossos clientes, buscando solu\u00e7\u00f5es inovadoras para atingir seus objetivos, sempre com planos bem desenhados para garantir estabilidade em nossas opera\u00e7\u00f5es.<\/p><p>Por isto, buscamos, al\u00e9m do nome Kithera, uma marca que pudesse ilustrar estes conceitos. E foi assim que chegamos a marca que nos representa.<\/p><p>O primeiro passo dessa cria\u00e7\u00e3o foi destacar a estabilidade que iremos sempre buscar, com o mesmo padr\u00e3o de qualidade e excel\u00eancia em todas as fases do nosso business. \u00c9 aqui que pegamos emprestado o conceito de estabilidade do quadrado.<\/p><p>O pr\u00f3ximo elemento, que praticamente \u00e9 tamb\u00e9m a \u2018mascote\u2019 do escrit\u00f3rio, \u00e9 o TSURU, uma ave sagrada do Jap\u00e3o que representa longevidade, felicidade, boa sorte e sa\u00fade. Diz a lenda que o TSURU pode viver at\u00e9 mil anos.<\/p><p>E para amarrar tudo isso, com o desejo de voar sempre mais alto, o nosso objetivo como empresa e busca constante nos resultados para nossos clientes, n\u00e3o poderia faltar o gr\u00e1fico de sucesso nessa equa\u00e7\u00e3o.<\/p><p>Combinando todos estes elementos, pudemos dar vida a marca Kithera.<\/p>\t\t\t\t\t\t\t\t<\/div>\n\t\t\t\t<\/div>\n\t\t\t\t<div class=\"elementor-element elementor-element-f906439 elementor-widget elementor-widget-spacer\" data-id=\"f906439\" data-element_type=\"widget\" data-widget_type=\"spacer.default\">\n\t\t\t\t<div class=\"elementor-widget-container\">\n\t\t\t\t\t\t\t<div class=\"elementor-spacer\">\n\t\t\t<div class=\"elementor-spacer-inner\"><\/div>\n\t\t<\/div>\n\t\t\t\t\t\t<\/div>\n\t\t\t\t<\/div>\n\t\t\t\t\t<\/div>\n\t\t\t\t<\/div>\n\t\t<div class=\"elementor-element elementor-element-cbf4fe3 e-flex e-con-boxed e-con e-parent\" data-id=\"cbf4fe3\" data-element_type=\"container\">\n\t\t\t\t\t<div class=\"e-con-inner\">\n\t\t<div class=\"elementor-element elementor-element-07ba626 e-con-full e-flex e-con e-child\" data-id=\"07ba626\" data-element_type=\"container\">\n\t\t\t\t<div class=\"elementor-element elementor-element-6d27cd4 elementor-widget elementor-widget-heading\" data-id=\"6d27cd4\" data-element_type=\"widget\" data-widget_type=\"heading.default\">\n\t\t\t\t<div class=\"elementor-widget-container\">\n\t\t\t\t\t<h2 class=\"elementor-heading-title elementor-size-default\">Miss\u00e3o<\/h2>\t\t\t\t<\/div>\n\t\t\t\t<\/div>\n\t\t\t\t<div class=\"elementor-element elementor-element-085fecc elementor-widget elementor-widget-text-editor\" data-id=\"085fecc\" data-element_type=\"widget\" data-widget_type=\"text-editor.default\">\n\t\t\t\t<div class=\"elementor-widget-container\">\n\t\t\t\t\t\t\t\t\t<p><span style=\"font-weight: 400;\">Ser uma <\/span><b>empresa <\/b><span style=\"font-weight: 400;\">reconhecida por prestar servi\u00e7os de qualidade exemplar, agregando valor\u00a0 para nossos <\/span><b>clientes <\/b><span style=\"font-weight: 400;\">no atingimento de seus <\/span><b>objetivos e necessidades<\/b><\/p>\t\t\t\t\t\t\t\t<\/div>\n\t\t\t\t<\/div>\n\t\t\t\t<\/div>\n\t\t<div class=\"elementor-element elementor-element-de3ca17 e-con-full e-flex e-con e-child\" data-id=\"de3ca17\" data-element_type=\"container\">\n\t\t\t\t<div class=\"elementor-element elementor-element-43779b2 elementor-widget elementor-widget-heading\" data-id=\"43779b2\" data-element_type=\"widget\" data-widget_type=\"heading.default\">\n\t\t\t\t<div class=\"elementor-widget-container\">\n\t\t\t\t\t<h2 class=\"elementor-heading-title elementor-size-default\">Vis\u00e3o<\/h2>\t\t\t\t<\/div>\n\t\t\t\t<\/div>\n\t\t\t\t<div class=\"elementor-element elementor-element-8b87322 elementor-widget elementor-widget-text-editor\" data-id=\"8b87322\" data-element_type=\"widget\" data-widget_type=\"text-editor.default\">\n\t\t\t\t<div class=\"elementor-widget-container\">\n\t\t\t\t\t\t\t\t\t<p><span style=\"font-weight: 400;\">Criar relacionamentos de <\/span><b>longo prazo <\/b><span style=\"font-weight: 400;\">com os\u00a0 clientes, formando la\u00e7os de confian\u00e7a e\u00a0 transmitindo seguran\u00e7a, qualidade e respeito.<\/span><\/p>\t\t\t\t\t\t\t\t<\/div>\n\t\t\t\t<\/div>\n\t\t\t\t<\/div>\n\t\t<div class=\"elementor-element elementor-element-4fd3470 e-con-full e-flex e-con e-child\" data-id=\"4fd3470\" data-element_type=\"container\">\n\t\t\t\t<div class=\"elementor-element elementor-element-362ff5e elementor-widget elementor-widget-heading\" data-id=\"362ff5e\" data-element_type=\"widget\" data-widget_type=\"heading.default\">\n\t\t\t\t<div class=\"elementor-widget-container\">\n\t\t\t\t\t<h2 class=\"elementor-heading-title elementor-size-default\">Valores<\/h2>\t\t\t\t<\/div>\n\t\t\t\t<\/div>\n\t\t\t\t<div class=\"elementor-element elementor-element-525a9e5 elementor-widget elementor-widget-text-editor\" data-id=\"525a9e5\" data-element_type=\"widget\" data-widget_type=\"text-editor.default\">\n\t\t\t\t<div class=\"elementor-widget-container\">\n\t\t\t\t\t\t\t\t\t<p><span style=\"font-weight: 400;\">Transpar\u00eancia\u00a0<br \/><\/span><span style=\"font-weight: 400;\">\u00c9tica\u00a0<br \/><\/span><span style=\"font-weight: 400;\">Foco no cliente\u00a0<br \/><\/span><span style=\"font-weight: 400;\">Time capacitado e engajado <\/span><\/p>\t\t\t\t\t\t\t\t<\/div>\n\t\t\t\t<\/div>\n\t\t\t\t<\/div>\n\t\t\t\t\t<\/div>\n\t\t\t\t<\/div>\n\t\t\t\t<\/div>\n\t\t","protected":false},"excerpt":{"rendered":"<p>Conceito Kithera vem da jun\u00e7\u00e3o de KI, que significa energia e ess\u00eancia, com o\u00a0THERA, que significa terra, representando solidez, estabilidade e produtividade. Quando imaginamos a Kithera, nosso desejo foi a cria\u00e7\u00e3o de uma empresa que entende nossos clientes, buscando solu\u00e7\u00f5es inovadoras para atingir seus objetivos, sempre com planos bem desenhados para garantir estabilidade em nossas [&hellip;]<\/p>\n","protected":false},"author":1,"featured_media":0,"parent":0,"menu_order":0,"comment_status":"closed","ping_status":"closed","template":"","meta":{"footnotes":""},"class_list":["post-17","page","type-page","status-publish","hentry"],"_links":{"self":[{"href":"https:\/\/kithera.com.br\/corporate\/wp-json\/wp\/v2\/pages\/17","targetHints":{"allow":["GET"]}}],"collection":[{"href":"https:\/\/kithera.com.br\/corporate\/wp-json\/wp\/v2\/pages"}],"about":[{"href":"https:\/\/kithera.com.br\/corporate\/wp-json\/wp\/v2\/types\/page"}],"author":[{"embeddable":true,"href":"https:\/\/kithera.com.br\/corporate\/wp-json\/wp\/v2\/users\/1"}],"replies":[{"embeddable":true,"href":"https:\/\/kithera.com.br\/corporate\/wp-json\/wp\/v2\/comments?post=17"}],"version-history":[{"count":154,"href":"https:\/\/kithera.com.br\/corporate\/wp-json\/wp\/v2\/pages\/17\/revisions"}],"predecessor-version":[{"id":899,"href":"https:\/\/kithera.com.br\/corporate\/wp-json\/wp\/v2\/pages\/17\/revisions\/899"}],"wp:attachment":[{"href":"https:\/\/kithera.com.br\/corporate\/wp-json\/wp\/v2\/media?parent=17"}],"curies":[{"name":"wp","href":"https:\/\/api.w.org\/{rel}","templated":true}]}}